{"id":2832,"date":"2024-09-19T00:56:31","date_gmt":"2024-09-19T00:56:31","guid":{"rendered":"https:\/\/finmedcapital.ca\/?page_id=2832"},"modified":"2025-08-14T01:44:40","modified_gmt":"2025-08-14T01:44:40","slug":"loan-calculator","status":"publish","type":"page","link":"https:\/\/finmedcapital.ca\/fr\/loan-calculator\/","title":{"rendered":"Calculateur de pr\u00eats aux entreprises"},"content":{"rendered":"<div data-elementor-type=\"wp-page\" data-elementor-id=\"2832\" class=\"elementor elementor-2832\" data-elementor-settings=\"{&quot;ha_cmc_init_switcher&quot;:&quot;no&quot;}\">\n\t\t\t\t<div class=\"elementor-element elementor-element-c25810c e-con-full e-flex wpr-particle-no wpr-jarallax-no wpr-parallax-no wpr-sticky-section-no wpr-column-slider-no wpr-equal-height-no e-con e-parent\" data-id=\"c25810c\" data-element_type=\"container\" data-e-type=\"container\" data-settings=\"{&quot;_ha_eqh_enable&quot;:false}\">\n\t\t<div class=\"elementor-element elementor-element-a85bd69 e-con-full e-flex wpr-particle-no wpr-jarallax-no wpr-parallax-no wpr-sticky-section-no wpr-column-slider-no wpr-equal-height-no e-con e-child\" data-id=\"a85bd69\" data-element_type=\"container\" data-e-type=\"container\" data-settings=\"{&quot;_ha_eqh_enable&quot;:false}\">\n\t\t\t\t<div class=\"elementor-element elementor-element-a9736bb elementor-widget__width-initial exad-sticky-section-no exad-glass-effect-no elementor-widget elementor-widget-image\" data-id=\"a9736bb\" data-element_type=\"widget\" data-e-type=\"widget\" data-widget_type=\"image.default\">\n\t\t\t\t<div class=\"elementor-widget-container\">\n\t\t\t\t\t\t\t\t\t\t\t\t\t\t\t<img fetchpriority=\"high\" decoding=\"async\" width=\"1024\" height=\"1024\" src=\"https:\/\/finmedcapital.ca\/wp-content\/uploads\/2024\/06\/20943913-Converti-2.jpg\" class=\"attachment-large size-large wp-image-1935\" alt=\"\" \/>\t\t\t\t\t\t\t\t\t\t\t\t\t\t\t<\/div>\n\t\t\t\t<\/div>\n\t\t\t\t<\/div>\n\t\t<div class=\"elementor-element elementor-element-adf7758 e-con-full e-flex wpr-particle-no wpr-jarallax-no wpr-parallax-no wpr-sticky-section-no wpr-column-slider-no wpr-equal-height-no e-con e-child\" data-id=\"adf7758\" data-element_type=\"container\" data-e-type=\"container\" data-settings=\"{&quot;_ha_eqh_enable&quot;:false}\">\n\t\t\t\t<div class=\"elementor-element elementor-element-63f913b exad-sticky-section-no exad-glass-effect-no elementor-widget elementor-widget-heading\" data-id=\"63f913b\" data-element_type=\"widget\" data-e-type=\"widget\" data-widget_type=\"heading.default\">\n\t\t\t\t<div class=\"elementor-widget-container\">\n\t\t\t\t\t<h5 class=\"elementor-heading-title elementor-size-default\"><span class=\"ez-toc-section\" id=\"Discover_our\"><\/span>Discover our<span class=\"ez-toc-section-end\"><\/span><\/h5>\t\t\t\t<\/div>\n\t\t\t\t<\/div>\n\t\t\t\t<div class=\"elementor-element elementor-element-9b8008f exad-sticky-section-no exad-glass-effect-no elementor-widget elementor-widget-heading\" data-id=\"9b8008f\" data-element_type=\"widget\" data-e-type=\"widget\" data-widget_type=\"heading.default\">\n\t\t\t\t<div class=\"elementor-widget-container\">\n\t\t\t\t\t<h1 class=\"elementor-heading-title elementor-size-default\"><span class=\"ez-toc-section\" id=\"Business_Loan_Calculator\"><\/span>Calculateur de pr\u00eats aux entreprises<span class=\"ez-toc-section-end\"><\/span><\/h1>\t\t\t\t<\/div>\n\t\t\t\t<\/div>\n\t\t\t\t<div class=\"elementor-element elementor-element-4ed9a45 elementor-widget__width-initial exad-sticky-section-no exad-glass-effect-no elementor-widget elementor-widget-text-editor\" data-id=\"4ed9a45\" data-element_type=\"widget\" data-e-type=\"widget\" data-widget_type=\"text-editor.default\">\n\t\t\t\t<div class=\"elementor-widget-container\">\n\t\t\t\t\t\t\t\t\t<p>Business loans are a powerful tool for growing your healthcare business, expanding operations, or investing in new equipment. Use our business loan calculator to estimate your monthly payments and find out how much financing you can afford. Whether you need a line of credit or a term loan, planning your repayments is key to making informed financial decisions.<\/p>\t\t\t\t\t\t\t\t<\/div>\n\t\t\t\t<\/div>\n\t\t\t\t<\/div>\n\t\t\t\t<\/div>\n\t\t<div class=\"elementor-element elementor-element-eff5fbd e-flex e-con-boxed wpr-particle-no wpr-jarallax-no wpr-parallax-no wpr-sticky-section-no wpr-column-slider-no wpr-equal-height-no e-con e-parent\" data-id=\"eff5fbd\" data-element_type=\"container\" data-e-type=\"container\" data-settings=\"{&quot;_ha_eqh_enable&quot;:false}\">\n\t\t\t\t\t<div class=\"e-con-inner\">\n\t\t<div class=\"elementor-element elementor-element-e41711d e-con-full e-flex wpr-particle-no wpr-jarallax-no wpr-parallax-no wpr-sticky-section-no wpr-column-slider-no wpr-equal-height-no e-con e-child\" data-id=\"e41711d\" data-element_type=\"container\" data-e-type=\"container\" data-settings=\"{&quot;_ha_eqh_enable&quot;:false}\">\n\t\t\t\t<div class=\"elementor-element elementor-element-4ef6771 elementor-widget__width-initial exad-sticky-section-no exad-glass-effect-no elementor-widget elementor-widget-heading\" data-id=\"4ef6771\" data-element_type=\"widget\" data-e-type=\"widget\" data-widget_type=\"heading.default\">\n\t\t\t\t<div class=\"elementor-widget-container\">\n\t\t\t\t\t<h4 class=\"elementor-heading-title elementor-size-default\"><span class=\"ez-toc-section\" id=\"Calculate_Your_Loan_Repayments_Easily\"><\/span>Calculate Your Loan Repayments Easily<span class=\"ez-toc-section-end\"><\/span><\/h4>\t\t\t\t<\/div>\n\t\t\t\t<\/div>\n\t\t\t\t<div class=\"elementor-element elementor-element-814cbc5 elementor-widget__width-initial exad-sticky-section-no exad-glass-effect-no elementor-widget elementor-widget-text-editor\" data-id=\"814cbc5\" data-element_type=\"widget\" data-e-type=\"widget\" data-widget_type=\"text-editor.default\">\n\t\t\t\t<div class=\"elementor-widget-container\">\n\t\t\t\t\t\t\t\t\t<p>Simply enter the loan amount, interest rate, and loan term to get an estimate of your monthly payment. Adjust the numbers to find a repayment plan that fits your budget.<\/p>\t\t\t\t\t\t\t\t<\/div>\n\t\t\t\t<\/div>\n\t\t\t\t<\/div>\n\t\t<div class=\"elementor-element elementor-element-4f1c9aa e-con-full e-flex wpr-particle-no wpr-jarallax-no wpr-parallax-no wpr-sticky-section-no wpr-column-slider-no wpr-equal-height-no e-con e-child\" data-id=\"4f1c9aa\" data-element_type=\"container\" data-e-type=\"container\" data-settings=\"{&quot;_ha_eqh_enable&quot;:false}\">\n\t\t\t\t<div class=\"elementor-element elementor-element-36f4e8b exad-sticky-section-no exad-glass-effect-no elementor-widget elementor-widget-html\" data-id=\"36f4e8b\" data-element_type=\"widget\" data-e-type=\"widget\" data-widget_type=\"html.default\">\n\t\t\t\t<div class=\"elementor-widget-container\">\n\t\t\t\t\t<div class=\"calculator-container\">\r\n    <div class=\"calculator-section calculator-inputs-section\">\r\n        <h2 class=\"section-title\"><span class=\"ez-toc-section\" id=\"Loan_Details\"><\/span>D\u00e9tails du pr\u00eat<span class=\"ez-toc-section-end\"><\/span><\/h2>\r\n        <div class=\"calculator-inputs\">\r\n            <div class=\"calculator-field\">\r\n                <label for=\"loan-amount\">Montant du pr\u00eat:<\/label>\r\n                <input type=\"text\" id=\"loan-amount\" placeholder=\"Entrer le montant du pr\u00eat\" value=\"10000\">\r\n            <\/div>\r\n            <div class=\"calculator-field\">\r\n                <label for=\"interest-rate\">Taux d'int\u00e9r\u00eat annuel (%) :<\/label>\r\n                <input type=\"number\" id=\"interest-rate\" placeholder=\"Entrer le taux d&#039;int\u00e9r\u00eat\" value=\"5\">\r\n            <\/div>\r\n            <div class=\"calculator-field\">\r\n                <label for=\"loan-term\">Dur\u00e9e du pr\u00eat (ann\u00e9es) :<\/label>\r\n                <input type=\"number\" id=\"loan-term\" placeholder=\"Entrer la dur\u00e9e du pr\u00eat\" value=\"5\">\r\n            <\/div>\r\n            <p class=\"calculator-note\">Cette calculatrice est destin\u00e9e \u00e0 des fins d'illustration uniquement et les conditions de paiement exactes doivent \u00eatre convenues avec un pr\u00eateur avant de contracter un pr\u00eat.<\/p>\r\n        <\/div>\r\n    <\/div>\r\n    <div class=\"calculator-section calculator-results-section\">\r\n        <h2 class=\"section-title\"><span class=\"ez-toc-section\" id=\"Results\"><\/span>R\u00e9sultats<span class=\"ez-toc-section-end\"><\/span><\/h2>\r\n        <div class=\"calculator-results\">\r\n            <div class=\"calculator-result\">\r\n                <p class=\"result-label\"><strong>Paiements mensuels :<\/strong><\/p>\r\n                <p class=\"result-value\" id=\"monthly-payments\">$0.00<\/p>\r\n            <\/div>\r\n            <div class=\"calculator-result\">\r\n                <p class=\"result-label\"><strong>Int\u00e9r\u00eats moyens Int\u00e9r\u00eats mensuels :<\/strong><\/p>\r\n                <p class=\"result-value\" id=\"avg-monthly-interest\">$0.00<\/p>\r\n            <\/div>\r\n            <div class=\"calculator-result\">\r\n                <p class=\"result-label\"><strong>Total des int\u00e9r\u00eats :<\/strong><\/p>\r\n                <p class=\"result-value\" id=\"total-interest\">$0.00<\/p>\r\n            <\/div>\r\n            <div class=\"calculator-result\">\r\n                <p class=\"result-label\"><strong>Co\u00fbt total du financement :<\/strong><\/p>\r\n                <p class=\"result-value\" id=\"total-cost\">$0.00<\/p>\r\n            <\/div>\r\n        <\/div>\r\n    <\/div>\r\n<\/div>\r\n\t\t\t\t<\/div>\n\t\t\t\t<\/div>\n\t\t\t\t<\/div>\n\t\t\t\t\t<\/div>\n\t\t\t\t<\/div>\n\t\t<div class=\"elementor-element elementor-element-5190b34 e-flex e-con-boxed wpr-particle-no wpr-jarallax-no wpr-parallax-no wpr-sticky-section-no wpr-column-slider-no wpr-equal-height-no e-con e-parent\" data-id=\"5190b34\" data-element_type=\"container\" data-e-type=\"container\" data-settings=\"{&quot;_ha_eqh_enable&quot;:false}\">\n\t\t\t\t\t<div class=\"e-con-inner\">\n\t\t\t\t<div class=\"elementor-element elementor-element-ead37c9 exad-sticky-section-no exad-glass-effect-no elementor-widget elementor-widget-exad-call-to-action\" data-id=\"ead37c9\" data-element_type=\"widget\" data-e-type=\"widget\" data-widget_type=\"exad-call-to-action.default\">\n\t\t\t\t<div class=\"elementor-widget-container\">\n\t\t\t\t\t\r\n        <div class=\"exad-call-to-action skin-vertical\">\r\n            \t\t    <div class=\"exad-call-to-action-content\">\r\n                <div class=\"exad-call-to-action-header\">\r\n                <h3 class=\"exad-call-to-action-title\"><span class=\"ez-toc-section\" id=\"Explore_Your_Loan_Options_Now\"><\/span>Explore Your Loan Options Now!<span class=\"ez-toc-section-end\"><\/span><\/h3>                        <div class=\"exad-call-to-action-subtitle\">\r\n                            <p>You\u2019ve seen the numbers\u2014now let\u2019s make it happen. Visit our Business Loan page for a detailed breakdown of available financing options and expert guidance tailored to your business needs.<\/p>                        <\/div>\r\n                    \t\t\t    <\/div>\r\n\t\t\t\t\r\n\t\t\t\t\r\n\t\t\t    <div class=\"exad-call-to-action-footer\">\r\n                    <ul class=\"exad-call-to-action-buttons effect-10\">\r\n                                                <li>\r\n                                <a class=\"exad-call-to-action-primary-btn\" href=\"https:\/\/finmedcapital.ca\/fr\/business-loans\/\">\r\n                                            <span class=\"exad-cta-primary-btn-class\">\r\n            LEARN MORE        <\/span>\r\n                                    <\/a>\r\n                            <\/li>\r\n                                                    <li>\r\n                                <a class=\"exad-call-to-action-secondary-btn\" href=\"https:\/\/finmedcapital.ca\/fr\/get-financed\/\">\r\n                                            <span class=\"exad-cta-secondary-btn-class\">\r\n            contact us        <\/span>\r\n                                    <\/a>\r\n                            <\/li>\r\n                                            <\/ul>\r\n\t\t\t    <\/div>\r\n\t\t    <\/div>\r\n            \t\t<\/div>\r\n    \t\t\t\t<\/div>\n\t\t\t\t<\/div>\n\t\t\t\t<div class=\"elementor-element elementor-element-8e8b7c6 exad-sticky-section-no exad-glass-effect-no elementor-widget elementor-widget-image\" data-id=\"8e8b7c6\" data-element_type=\"widget\" data-e-type=\"widget\" data-widget_type=\"image.default\">\n\t\t\t\t<div class=\"elementor-widget-container\">\n\t\t\t\t\t\t\t\t\t\t\t\t\t\t\t<img decoding=\"async\" width=\"500\" height=\"500\" src=\"https:\/\/finmedcapital.ca\/wp-content\/uploads\/2024\/06\/Get-in-touch-cuate.svg\" class=\"attachment-large size-large wp-image-1287\" alt=\"\" \/>\t\t\t\t\t\t\t\t\t\t\t\t\t\t\t<\/div>\n\t\t\t\t<\/div>\n\t\t\t\t\t<\/div>\n\t\t\t\t<\/div>\n\t\t\t\t<\/div>","protected":false},"excerpt":{"rendered":"<p>Discover our Business Loan Calculator Business loans are a powerful tool for growing your healthcare business, expanding operations, or investing in new equipment. Use our business loan calculator to estimate your monthly payments and find out how much financing you can afford. Whether you need a line of credit or a term loan, planning your repayments is key to making informed financial decisions. Calculate Your Loan Repayments Easily Simply enter the loan amount, interest rate, and loan term to get an estimate of your monthly payment. Adjust the numbers to find a repayment plan that fits your budget. Loan Details Loan Amount: Annual Interest Rate (%): Loan Term (years): This calculator is intended for illustration purposes only and exact payment terms should be agreed with a lender before taking out a loan. Results Monthly Payments: $0.00 Avg. Monthly Interest: $0.00 Total Interest: $0.00 Total Cost of Finance: $0.00 Explore Your Loan Options Now! You\u2019ve seen the numbers\u2014now let\u2019s make it happen. Visit our Business Loan page for a detailed breakdown of available financing options and expert guidance tailored to your business needs. LEARN MORE contact us<\/p>","protected":false},"author":1,"featured_media":4034,"parent":0,"menu_order":0,"comment_status":"closed","ping_status":"closed","template":"","meta":{"iawp_total_views":998,"footnotes":""},"class_list":["post-2832","page","type-page","status-publish","has-post-thumbnail","hentry"],"blocksy_meta":[],"_links":{"self":[{"href":"https:\/\/finmedcapital.ca\/fr\/wp-json\/wp\/v2\/pages\/2832","targetHints":{"allow":["GET"]}}],"collection":[{"href":"https:\/\/finmedcapital.ca\/fr\/wp-json\/wp\/v2\/pages"}],"about":[{"href":"https:\/\/finmedcapital.ca\/fr\/wp-json\/wp\/v2\/types\/page"}],"author":[{"embeddable":true,"href":"https:\/\/finmedcapital.ca\/fr\/wp-json\/wp\/v2\/users\/1"}],"replies":[{"embeddable":true,"href":"https:\/\/finmedcapital.ca\/fr\/wp-json\/wp\/v2\/comments?post=2832"}],"version-history":[{"count":19,"href":"https:\/\/finmedcapital.ca\/fr\/wp-json\/wp\/v2\/pages\/2832\/revisions"}],"predecessor-version":[{"id":4040,"href":"https:\/\/finmedcapital.ca\/fr\/wp-json\/wp\/v2\/pages\/2832\/revisions\/4040"}],"wp:featuredmedia":[{"embeddable":true,"href":"https:\/\/finmedcapital.ca\/fr\/wp-json\/wp\/v2\/media\/4034"}],"wp:attachment":[{"href":"https:\/\/finmedcapital.ca\/fr\/wp-json\/wp\/v2\/media?parent=2832"}],"curies":[{"name":"wp","href":"https:\/\/api.w.org\/{rel}","templated":true}]}}