{"id":3392,"date":"2024-09-29T01:51:11","date_gmt":"2024-09-29T01:51:11","guid":{"rendered":"https:\/\/finmedcapital.ca\/?page_id=3392"},"modified":"2025-08-11T03:42:45","modified_gmt":"2025-08-11T03:42:45","slug":"credit-score-estimator","status":"publish","type":"page","link":"https:\/\/finmedcapital.ca\/fr\/credit-score-estimator\/","title":{"rendered":"Estimation du score de cr\u00e9dit des entreprises"},"content":{"rendered":"<div data-elementor-type=\"wp-page\" data-elementor-id=\"3392\" class=\"elementor elementor-3392\" data-elementor-settings=\"{&quot;ha_cmc_init_switcher&quot;:&quot;no&quot;}\">\n\t\t\t\t<div class=\"elementor-element elementor-element-c25810c e-con-full e-flex wpr-particle-no wpr-jarallax-no wpr-parallax-no wpr-sticky-section-no wpr-column-slider-no wpr-equal-height-no e-con e-parent\" data-id=\"c25810c\" data-element_type=\"container\" data-e-type=\"container\" data-settings=\"{&quot;background_background&quot;:&quot;classic&quot;,&quot;_ha_eqh_enable&quot;:false}\">\n\t\t<div class=\"elementor-element elementor-element-adf7758 e-con-full e-flex wpr-particle-no wpr-jarallax-no wpr-parallax-no wpr-sticky-section-no wpr-column-slider-no wpr-equal-height-no e-con e-child\" data-id=\"adf7758\" data-element_type=\"container\" data-e-type=\"container\" data-settings=\"{&quot;_ha_eqh_enable&quot;:false}\">\n\t\t\t\t<div class=\"elementor-element elementor-element-63f913b exad-sticky-section-no exad-glass-effect-no elementor-widget elementor-widget-heading\" data-id=\"63f913b\" data-element_type=\"widget\" data-e-type=\"widget\" data-widget_type=\"heading.default\">\n\t\t\t\t<div class=\"elementor-widget-container\">\n\t\t\t\t\t<h5 class=\"elementor-heading-title elementor-size-default\"><span class=\"ez-toc-section\" id=\"Try_out_Our\"><\/span>Try out Our<span class=\"ez-toc-section-end\"><\/span><\/h5>\t\t\t\t<\/div>\n\t\t\t\t<\/div>\n\t\t\t\t<div class=\"elementor-element elementor-element-9b8008f exad-sticky-section-no exad-glass-effect-no elementor-widget elementor-widget-heading\" data-id=\"9b8008f\" data-element_type=\"widget\" data-e-type=\"widget\" data-widget_type=\"heading.default\">\n\t\t\t\t<div class=\"elementor-widget-container\">\n\t\t\t\t\t<h1 class=\"elementor-heading-title elementor-size-default\"><span class=\"ez-toc-section\" id=\"Business_Credit_Score_Estimator\"><\/span>Estimation du score de cr\u00e9dit des entreprises<span class=\"ez-toc-section-end\"><\/span><\/h1>\t\t\t\t<\/div>\n\t\t\t\t<\/div>\n\t\t\t\t<div class=\"elementor-element elementor-element-4ed9a45 elementor-widget__width-initial exad-sticky-section-no exad-glass-effect-no elementor-widget elementor-widget-text-editor\" data-id=\"4ed9a45\" data-element_type=\"widget\" data-e-type=\"widget\" data-widget_type=\"text-editor.default\">\n\t\t\t\t<div class=\"elementor-widget-container\">\n\t\t\t\t\t\t\t\t\t<p>A strong business credit score is essential for securing financing, negotiating better terms, and building trust with lenders. Use our Business Credit Score Estimator to get an idea of your current credit standing and understand how it impacts your borrowing potential. Whether you&#8217;re looking for a loan, line of credit, or other financing, knowing your credit score helps you make informed decisions and plan for future growth<\/p>\t\t\t\t\t\t\t\t<\/div>\n\t\t\t\t<\/div>\n\t\t\t\t<\/div>\n\t\t<div class=\"elementor-element elementor-element-a85bd69 e-con-full e-flex wpr-particle-no wpr-jarallax-no wpr-parallax-no wpr-sticky-section-no wpr-column-slider-no wpr-equal-height-no e-con e-child\" data-id=\"a85bd69\" data-element_type=\"container\" data-e-type=\"container\" data-settings=\"{&quot;_ha_eqh_enable&quot;:false}\">\n\t\t\t\t<\/div>\n\t\t\t\t<\/div>\n\t\t<div class=\"elementor-element elementor-element-3dacd58 e-con-full e-flex wpr-particle-no wpr-jarallax-no wpr-parallax-no wpr-sticky-section-no wpr-column-slider-no wpr-equal-height-no e-con e-parent\" data-id=\"3dacd58\" data-element_type=\"container\" data-e-type=\"container\" data-settings=\"{&quot;_ha_eqh_enable&quot;:false}\">\n\t\t\t\t<div class=\"elementor-element elementor-element-e60d3d6 exad-sticky-section-no exad-glass-effect-no elementor-widget elementor-widget-heading\" data-id=\"e60d3d6\" data-element_type=\"widget\" data-e-type=\"widget\" data-widget_type=\"heading.default\">\n\t\t\t\t<div class=\"elementor-widget-container\">\n\t\t\t\t\t<h2 class=\"elementor-heading-title elementor-size-default\"><span class=\"ez-toc-section\" id=\"Ready_to_Estimate_Your_Business_Credit_Score\"><\/span>Ready to Estimate Your Business Credit Score?<span class=\"ez-toc-section-end\"><\/span><\/h2>\t\t\t\t<\/div>\n\t\t\t\t<\/div>\n\t\t\t\t<div class=\"elementor-element elementor-element-629a27d exad-sticky-section-no exad-glass-effect-no elementor-widget elementor-widget-html\" data-id=\"629a27d\" data-element_type=\"widget\" data-e-type=\"widget\" data-widget_type=\"html.default\">\n\t\t\t\t<div class=\"elementor-widget-container\">\n\t\t\t\t\t<!DOCTYPE html>\r\n<html lang=\"en\">\r\n<head>\r\n    <meta charset=\"UTF-8\">\r\n    <meta name=\"viewport\" content=\"width=device-width, initial-scale=1.0\">\r\n    <title>Credit Business Estimator<\/title>\r\n    <link rel=\"stylesheet\" href=\"styles.css\">\r\n    <link rel=\"stylesheet\" href=\"https:\/\/cdnjs.cloudflare.com\/ajax\/libs\/font-awesome\/5.15.4\/css\/all.min.css\">\r\n<\/head>\r\n<body>\r\n    <div class=\"credit-estimator\"> <!-- Unique class -->\r\n        <div class=\"estimator-container\">\r\n            <div class=\"form-container section1\">\r\n                <form id=\"estimatorForm1\" action=\"\">\r\n                    <label for=\"paymentHistory\">Votre entreprise a-t-elle respect\u00e9 les d\u00e9lais de paiement ?\r\n                    <select id=\"paymentHistory\" required>\r\n                        <option value=\"\" disabled selected>S\u00e9lectionner une option<\/option>\r\n                        <option value=\"10\">Oui<\/option>\r\n                        <option value=\"0\">Non<\/option>\r\n                    <\/select>\r\n\r\n                    <label for=\"creditAge\">\u00c2ge du cr\u00e9dit (ann\u00e9es) : \r\n                    <input type=\"number\" id=\"creditAge\" placeholder=\"Saisir l&#039;\u00e2ge des comptes de cr\u00e9dit\" required>\r\n\r\n                    <label for=\"creditUtilization\">Utilisation du cr\u00e9dit (%) : <i class=\"fas fa-info-circle\" title=\"Le pourcentage de votre cr\u00e9dit total disponible que vous utilisez actuellement. Il est calcul\u00e9 en divisant le total des soldes de vos cartes de cr\u00e9dit par le total des limites de vos cartes de cr\u00e9dit.\"><\/i><\/label>\r\n                    <input type=\"number\" id=\"creditUtilization\" placeholder=\"Saisir le pourcentage d&#039;utilisation du cr\u00e9dit\" required>\r\n\r\n                    <label for=\"creditAccounts\">Nombre de comptes de cr\u00e9dit : <i class=\"fas fa-info-circle\" title=\"Le nombre de lignes de cr\u00e9dit ou de pr\u00eats diff\u00e9rents dont dispose votre entreprise, tels que les cartes de cr\u00e9dit, les pr\u00eats ou les lignes de cr\u00e9dit.\"><\/i><\/label>\r\n                    <input type=\"number\" id=\"creditAccounts\" placeholder=\"Saisir le nombre de comptes de cr\u00e9dit\" required>\r\n\r\n                    <label for=\"recentInquiries\">Demandes r\u00e9centes : <i class=\"fas fa-info-circle\" title=\"Le nombre de fois o\u00f9 les pr\u00eateurs ont v\u00e9rifi\u00e9 votre cr\u00e9dit au cours des six derniers mois. Des v\u00e9rifications multiples peuvent indiquer un risque de cr\u00e9dit plus \u00e9lev\u00e9.\"><\/i><\/label>\r\n                    <input type=\"number\" id=\"recentInquiries\" placeholder=\"Saisir le nombre de demandes r\u00e9centes\" required>\r\n                <input type=\"hidden\" name=\"trp-form-language\" value=\"fr\"\/><\/form>\r\n            <\/div>\r\n            <div class=\"form-container section2\">\r\n                <form id=\"estimatorForm2\" action=\"\">\r\n                    <label for=\"annualRevenue\">Revenu annuel ($) : <i class=\"fas fa-info-circle\" title=\"Il s&#039;agit du montant total que votre entreprise gagne au cours d&#039;une ann\u00e9e, toutes sources confondues, avant d\u00e9duction des d\u00e9penses.\"><\/i><\/label>\r\n                    <input type=\"number\" id=\"annualRevenue\" placeholder=\"Saisir le revenu annuel\" required>\r\n\r\n                    <label for=\"outstandingDebt\">Dette en cours ($) : <i class=\"fas fa-info-circle\" title=\"Le montant total que votre entreprise doit actuellement \u00e0 ses cr\u00e9anciers.\"><\/i><\/label>\r\n                    <input type=\"number\" id=\"outstandingDebt\" placeholder=\"Saisir l&#039;encours de la dette\" required>\r\n\r\n                    <label for=\"bankruptcy\">Votre entreprise a-t-elle d\u00e9j\u00e0 fait faillite ? \r\n                    <select id=\"bankruptcy\" required>\r\n                        <option value=\"0\">Non<\/option>\r\n                        <option value=\"10\">Oui<\/option>\r\n                    <\/select>\r\n\r\n                    <label for=\"legalInquiries\">Votre entreprise fait-elle l'objet de poursuites judiciaires ?\r\n                    <select id=\"legalInquiries\" required>\r\n                        <option value=\"0\">Non<\/option>\r\n                        <option value=\"10\">Oui<\/option>\r\n                    <\/select>\r\n                    <button type=\"button\" id=\"estimateButton\">Estimer le score de cr\u00e9dit<\/button>\r\n                <input type=\"hidden\" name=\"trp-form-language\" value=\"fr\"\/><\/form>\r\n            <\/div>\r\n            <div class=\"result-container section3\">\r\n                <div class=\"result-content\">\r\n                    <label for=\"score\">Score de solvabilit\u00e9 :<\/label>\r\n                    <p id=\"score\" class=\"large-text\"><\/p>\r\n                    <div id=\"description\"><\/div>\r\n                <\/div>\r\n                <p class=\"disclaimer\">Avertissement : Le r\u00e9sultat est une estimation et ne doit pas \u00eatre consid\u00e9r\u00e9 comme une mesure exacte de la solvabilit\u00e9.<\/p>\r\n            <\/div>\r\n        <\/div>\r\n    <\/div>\r\n    <script src=\"script.js\"><\/script>\r\n<\/body>\r\n<\/html>\r\n\t\t\t\t<\/div>\n\t\t\t\t<\/div>\n\t\t\t\t<\/div>\n\t\t<div class=\"elementor-element elementor-element-5190b34 e-flex e-con-boxed wpr-particle-no wpr-jarallax-no wpr-parallax-no wpr-sticky-section-no wpr-column-slider-no wpr-equal-height-no e-con e-parent\" data-id=\"5190b34\" data-element_type=\"container\" data-e-type=\"container\" data-settings=\"{&quot;_ha_eqh_enable&quot;:false}\">\n\t\t\t\t\t<div class=\"e-con-inner\">\n\t\t\t\t<div class=\"elementor-element elementor-element-ead37c9 exad-sticky-section-no exad-glass-effect-no elementor-widget elementor-widget-exad-call-to-action\" data-id=\"ead37c9\" data-element_type=\"widget\" data-e-type=\"widget\" data-widget_type=\"exad-call-to-action.default\">\n\t\t\t\t<div class=\"elementor-widget-container\">\n\t\t\t\t\t\r\n        <div class=\"exad-call-to-action skin-vertical\">\r\n            \t\t    <div class=\"exad-call-to-action-content\">\r\n                <div class=\"exad-call-to-action-header\">\r\n                <h3 class=\"exad-call-to-action-title\"><span class=\"ez-toc-section\" id=\"Ready_to_Access_Flexible_Business_Credit_Options\"><\/span>Ready to Access Flexible Business Credit Options?<span class=\"ez-toc-section-end\"><\/span><\/h3>                        <div class=\"exad-call-to-action-subtitle\">\r\n                            <p>Discover tailored credit solutions that can help your business grow. Visit our Business Credit page to explore lines of credit, credit cards, and other financing options designed to support your success.<\/p>                        <\/div>\r\n                    \t\t\t    <\/div>\r\n\t\t\t\t\r\n\t\t\t\t\r\n\t\t\t    <div class=\"exad-call-to-action-footer\">\r\n                    <ul class=\"exad-call-to-action-buttons effect-10\">\r\n                                                <li>\r\n                                <a class=\"exad-call-to-action-primary-btn\" href=\"https:\/\/finmedcapital.ca\/fr\/business-credit\/\">\r\n                                            <span class=\"exad-cta-primary-btn-class\">\r\n            LEARN MORE        <\/span>\r\n                                    <\/a>\r\n                            <\/li>\r\n                                                    <li>\r\n                                <a class=\"exad-call-to-action-secondary-btn\" href=\"https:\/\/finmedcapital.ca\/fr\/get-financed\/\">\r\n                                            <span class=\"exad-cta-secondary-btn-class\">\r\n            contact us        <\/span>\r\n                                    <\/a>\r\n                            <\/li>\r\n                                            <\/ul>\r\n\t\t\t    <\/div>\r\n\t\t    <\/div>\r\n            \t\t<\/div>\r\n    \t\t\t\t<\/div>\n\t\t\t\t<\/div>\n\t\t\t\t<div class=\"elementor-element elementor-element-8e8b7c6 exad-sticky-section-no exad-glass-effect-no elementor-widget elementor-widget-image\" data-id=\"8e8b7c6\" data-element_type=\"widget\" data-e-type=\"widget\" data-widget_type=\"image.default\">\n\t\t\t\t<div class=\"elementor-widget-container\">\n\t\t\t\t\t\t\t\t\t\t\t\t\t\t\t<img fetchpriority=\"high\" decoding=\"async\" width=\"500\" height=\"500\" src=\"https:\/\/finmedcapital.ca\/wp-content\/uploads\/2024\/06\/Get-in-touch-cuate.svg\" class=\"attachment-large size-large wp-image-1287\" alt=\"\" \/>\t\t\t\t\t\t\t\t\t\t\t\t\t\t\t<\/div>\n\t\t\t\t<\/div>\n\t\t\t\t\t<\/div>\n\t\t\t\t<\/div>\n\t\t\t\t<\/div>","protected":false},"excerpt":{"rendered":"<p>Discover your business&#8217;s financial health with our Credit Score Estimator. Understand your creditworthiness, identify improvement areas, and prepare confidently for financing opportunities. Take control today!<\/p>","protected":false},"author":1,"featured_media":3398,"parent":0,"menu_order":0,"comment_status":"closed","ping_status":"closed","template":"","meta":{"iawp_total_views":48,"footnotes":""},"class_list":["post-3392","page","type-page","status-publish","has-post-thumbnail","hentry"],"blocksy_meta":[],"_links":{"self":[{"href":"https:\/\/finmedcapital.ca\/fr\/wp-json\/wp\/v2\/pages\/3392","targetHints":{"allow":["GET"]}}],"collection":[{"href":"https:\/\/finmedcapital.ca\/fr\/wp-json\/wp\/v2\/pages"}],"about":[{"href":"https:\/\/finmedcapital.ca\/fr\/wp-json\/wp\/v2\/types\/page"}],"author":[{"embeddable":true,"href":"https:\/\/finmedcapital.ca\/fr\/wp-json\/wp\/v2\/users\/1"}],"replies":[{"embeddable":true,"href":"https:\/\/finmedcapital.ca\/fr\/wp-json\/wp\/v2\/comments?post=3392"}],"version-history":[{"count":16,"href":"https:\/\/finmedcapital.ca\/fr\/wp-json\/wp\/v2\/pages\/3392\/revisions"}],"predecessor-version":[{"id":4021,"href":"https:\/\/finmedcapital.ca\/fr\/wp-json\/wp\/v2\/pages\/3392\/revisions\/4021"}],"wp:featuredmedia":[{"embeddable":true,"href":"https:\/\/finmedcapital.ca\/fr\/wp-json\/wp\/v2\/media\/3398"}],"wp:attachment":[{"href":"https:\/\/finmedcapital.ca\/fr\/wp-json\/wp\/v2\/media?parent=3392"}],"curies":[{"name":"wp","href":"https:\/\/api.w.org\/{rel}","templated":true}]}}