{"id":4154,"date":"2026-01-23T01:18:40","date_gmt":"2026-01-23T01:18:40","guid":{"rendered":"https:\/\/finmedcapital.ca\/?page_id=4154"},"modified":"2026-01-28T21:34:05","modified_gmt":"2026-01-28T21:34:05","slug":"equipment-leasing-calculator","status":"publish","type":"page","link":"https:\/\/finmedcapital.ca\/fr\/equipment-leasing-calculator\/","title":{"rendered":"Equipment Leasing Calculator"},"content":{"rendered":"<div data-elementor-type=\"wp-page\" data-elementor-id=\"4154\" class=\"elementor elementor-4154\" data-elementor-settings=\"{&quot;ha_cmc_init_switcher&quot;:&quot;no&quot;}\">\n\t\t\t\t<div class=\"elementor-element elementor-element-23f9e817 e-flex e-con-boxed wpr-particle-no wpr-jarallax-no wpr-parallax-no wpr-sticky-section-no wpr-column-slider-no wpr-equal-height-no e-con e-parent\" data-id=\"23f9e817\" data-element_type=\"container\" data-e-type=\"container\" data-settings=\"{&quot;_ha_eqh_enable&quot;:false}\">\n\t\t\t\t\t<div class=\"e-con-inner\">\n\t\t\t\t<div class=\"elementor-element elementor-element-6feecafd wpr-logo-position-center exad-sticky-section-no exad-glass-effect-no elementor-widget elementor-widget-wpr-logo\" data-id=\"6feecafd\" data-element_type=\"widget\" data-e-type=\"widget\" data-widget_type=\"wpr-logo.default\">\n\t\t\t\t<div class=\"elementor-widget-container\">\n\t\t\t\t\t\t\t\t\n\t\t\t<div class=\"wpr-logo elementor-clearfix\">\n\n\t\t\t\t\t\t\t\t<picture class=\"wpr-logo-image\">\n\t\t\t\t\t\n\t\t\t\t\t\t\t\t\t\t\n\t\t\t\t\t<img decoding=\"async\" src=\"https:\/\/finmedcapital.ca\/wp-content\/uploads\/2025\/11\/placeholder.png\" alt=\"\">\n\n\t\t\t\t\t\t\t\t\t<\/picture>\n\t\t\t\t\n\t\t\t\t\n\t\t\t\t\n\t\t\t<\/div>\n\t\t\t\t\n\t\t\t\t\t\t<\/div>\n\t\t\t\t<\/div>\n\t\t\t\t<div class=\"elementor-element elementor-element-7a6e846c exad-sticky-section-no exad-glass-effect-no elementor-widget elementor-widget-heading\" data-id=\"7a6e846c\" data-element_type=\"widget\" data-e-type=\"widget\" data-widget_type=\"heading.default\">\n\t\t\t\t<div class=\"elementor-widget-container\">\n\t\t\t\t\t<h2 class=\"elementor-heading-title elementor-size-default\"><span class=\"ez-toc-section\" id=\"Instant_Quote\"><\/span>Devis instantan\u00e9<span class=\"ez-toc-section-end\"><\/span><\/h2>\t\t\t\t<\/div>\n\t\t\t\t<\/div>\n\t\t\t\t<div class=\"elementor-element elementor-element-1aec76b9 elementor-widget__width-initial exad-sticky-section-no exad-glass-effect-no elementor-widget elementor-widget-heading\" data-id=\"1aec76b9\" data-element_type=\"widget\" data-e-type=\"widget\" data-widget_type=\"heading.default\">\n\t\t\t\t<div class=\"elementor-widget-container\">\n\t\t\t\t\t<p class=\"elementor-heading-title elementor-size-default\">Veuillez saisir les informations ci-dessous pour g\u00e9n\u00e9rer votre devis financier.<\/p>\t\t\t\t<\/div>\n\t\t\t\t<\/div>\n\t\t\t\t<div class=\"elementor-element elementor-element-45958687 elementor-widget__width-inherit exad-sticky-section-no exad-glass-effect-no elementor-widget elementor-widget-html\" data-id=\"45958687\" data-element_type=\"widget\" data-e-type=\"widget\" data-widget_type=\"html.default\">\n\t\t\t\t<div class=\"elementor-widget-container\">\n\t\t\t\t\t<iframe aria-label='Website Form Finmed Capital' frameborder=\"0\" style=\"height:500px;width:99%;border:none;\" src='https:\/\/forms.zohopublic.com\/agilesolutions1\/form\/WebsiteFormFinmedCapital\/formperma\/rUyV74iT1jcsXV6AUL-nonkW-BIjmnQTADuo6IW6qgM'><\/iframe>\t\t\t\t<\/div>\n\t\t\t\t<\/div>\n\t\t\t\t\t<\/div>\n\t\t\t\t<\/div>\n\t\t<div class=\"elementor-element elementor-element-5d921ef0 e-flex e-con-boxed wpr-particle-no wpr-jarallax-no wpr-parallax-no wpr-sticky-section-no wpr-column-slider-no wpr-equal-height-no e-con e-parent\" data-id=\"5d921ef0\" data-element_type=\"container\" data-e-type=\"container\" data-settings=\"{&quot;_ha_eqh_enable&quot;:false}\">\n\t\t\t\t\t<div class=\"e-con-inner\">\n\t\t\t\t<div class=\"elementor-element elementor-element-57fb445f exad-sticky-section-no exad-glass-effect-no elementor-widget elementor-widget-text-editor\" data-id=\"57fb445f\" data-element_type=\"widget\" data-e-type=\"widget\" data-widget_type=\"text-editor.default\">\n\t\t\t\t<div class=\"elementor-widget-container\">\n\t\t\t\t\t\t\t\t\t<h6><span class=\"ez-toc-section\" id=\"Terms_Conditions\"><\/span>Termes et conditions<span class=\"ez-toc-section-end\"><\/span><\/h6><div dir=\"auto\">Finmed Capital est une soci\u00e9t\u00e9 de conseil ind\u00e9pendante qui n'est pas affili\u00e9e \u00e0 la soci\u00e9t\u00e9 mentionn\u00e9e sur cette page. Ni la soci\u00e9t\u00e9 mentionn\u00e9e ni Finmed Capital ne peuvent \u00eatre tenues responsables de l'approbation, du refus ou du r\u00e9sultat d'une demande de financement. Tous les financements sont facilit\u00e9s par des pr\u00eateurs tiers au sein du r\u00e9seau de financement sp\u00e9cialis\u00e9 de Finmed Capital. Le financement est disponible uniquement pour les \u00e9quipements destin\u00e9s \u00e0 un usage professionnel l\u00e9gitime. Tous les paiements indiqu\u00e9s sont des estimations et n'incluent pas les taxes, frais et co\u00fbts d'assurance applicables. L'approbation finale, les conditions g\u00e9n\u00e9rales et les modalit\u00e9s sont soumises \u00e0 l'examen et \u00e0 l'approbation du cr\u00e9dit par Finmed Capital et\/ou ses partenaires financiers. Tous les taux, conditions et d\u00e9tails du programme sont susceptibles d'\u00eatre modifi\u00e9s sans pr\u00e9avis.<\/div>\t\t\t\t\t\t\t\t<\/div>\n\t\t\t\t<\/div>\n\t\t\t\t\t<\/div>\n\t\t\t\t<\/div>\n\t\t\t\t<section class=\"wpr-jarallax elementor-section elementor-top-section elementor-element elementor-element-1916cb16 wpr-jarallax-yes elementor-section-boxed elementor-section-height-default elementor-section-height-default exad-glass-effect-no wpr-particle-no wpr-parallax-no wpr-sticky-section-no wpr-column-slider-no wpr-equal-height-no exad-sticky-section-no\" speed-data=\"1.4\" bg-image=\"https:\/\/finmedcapital.ca\/wp-content\/uploads\/2025\/11\/Creation-sans-titre-2.png\" bg-image-mobile=\"\" scroll-effect=\"scroll\" data-id=\"1916cb16\" data-element_type=\"section\" data-e-type=\"section\" data-settings=\"{&quot;background_background&quot;:&quot;classic&quot;,&quot;_ha_eqh_enable&quot;:false}\">\n\t\t\t\t\t\t\t<div class=\"elementor-background-overlay\"><\/div>\n\t\t\t\t\t\t\t<div class=\"elementor-container elementor-column-gap-default\">\n\t\t\t\t\t<div class=\"elementor-column elementor-col-100 elementor-top-column elementor-element elementor-element-18500673 exad-glass-effect-no exad-sticky-section-no\" data-id=\"18500673\" data-element_type=\"column\" data-e-type=\"column\">\n\t\t\t<div class=\"elementor-widget-wrap elementor-element-populated\">\n\t\t\t\t\t\t<div class=\"elementor-element elementor-element-88a6350 exad-sticky-section-no exad-glass-effect-no elementor-widget elementor-widget-heading\" data-id=\"88a6350\" data-element_type=\"widget\" data-e-type=\"widget\" data-widget_type=\"heading.default\">\n\t\t\t\t<div class=\"elementor-widget-container\">\n\t\t\t\t\t<h2 class=\"elementor-heading-title elementor-size-default\"><span class=\"ez-toc-section\" id=\"Need_help_or_want_to_speak_with_a_financing_expert\"><\/span>Vous avez besoin d'aide ou souhaitez parler \u00e0 un expert en financement ?<span class=\"ez-toc-section-end\"><\/span><\/h2>\t\t\t\t<\/div>\n\t\t\t\t<\/div>\n\t\t\t\t<div class=\"elementor-element elementor-element-49b32aaa exad-sticky-section-no exad-glass-effect-no elementor-widget elementor-widget-text-editor\" data-id=\"49b32aaa\" data-element_type=\"widget\" data-e-type=\"widget\" data-widget_type=\"text-editor.default\">\n\t\t\t\t<div class=\"elementor-widget-container\">\n\t\t\t\t\t\t\t\t\t<p>We&#8217;re here to guide you every step of the way. Whether you&#8217;re expanding your operations or upgrading your equipment, our team can help you get the funding you need. Fast and hassle-free.<\/p>\t\t\t\t\t\t\t\t<\/div>\n\t\t\t\t<\/div>\n\t\t\t\t<div class=\"elementor-element elementor-element-5993f3a5 elementor-align-center elementor-mobile-align-center exad-sticky-section-no exad-glass-effect-no elementor-widget elementor-widget-button\" data-id=\"5993f3a5\" data-element_type=\"widget\" data-e-type=\"widget\" data-widget_type=\"button.default\">\n\t\t\t\t<div class=\"elementor-widget-container\">\n\t\t\t\t\t\t\t\t\t<div class=\"elementor-button-wrapper\">\n\t\t\t\t\t<a class=\"elementor-button elementor-button-link elementor-size-sm\" href=\"https:\/\/agilesolutions.global\/contact\/\" target=\"_blank\" rel=\"noopener\">\n\t\t\t\t\t\t<span class=\"elementor-button-content-wrapper\">\n\t\t\t\t\t\t\t\t\t<span class=\"elementor-button-text\">Commencez d\u00e8s maintenant<\/span>\n\t\t\t\t\t<\/span>\n\t\t\t\t\t<\/a>\n\t\t\t\t<\/div>\n\t\t\t\t\t\t\t\t<\/div>\n\t\t\t\t<\/div>\n\t\t\t\t\t<\/div>\n\t\t<\/div>\n\t\t\t\t\t<\/div>\n\t\t<\/section>\n\t\t<div class=\"elementor-element elementor-element-29f1845a e-flex e-con-boxed wpr-particle-no wpr-jarallax-no wpr-parallax-no wpr-sticky-section-no wpr-column-slider-no wpr-equal-height-no e-con e-parent\" data-id=\"29f1845a\" data-element_type=\"container\" data-e-type=\"container\" data-settings=\"{&quot;_ha_eqh_enable&quot;:false}\">\n\t\t\t\t\t<div class=\"e-con-inner\">\n\t\t\t\t<div class=\"elementor-element elementor-element-1668b527 exad-sticky-section-no exad-glass-effect-no elementor-widget elementor-widget-spacer\" data-id=\"1668b527\" data-element_type=\"widget\" data-e-type=\"widget\" data-widget_type=\"spacer.default\">\n\t\t\t\t<div class=\"elementor-widget-container\">\n\t\t\t\t\t\t\t<div class=\"elementor-spacer\">\n\t\t\t<div class=\"elementor-spacer-inner\"><\/div>\n\t\t<\/div>\n\t\t\t\t\t\t<\/div>\n\t\t\t\t<\/div>\n\t\t\t\t\t<\/div>\n\t\t\t\t<\/div>\n\t\t\t\t<\/div>","protected":false},"excerpt":{"rendered":"<p>Instant Quote Please enter the information below to generate your finance quote. Terms &amp; Conditions Finmed Capital is an independent consulting firm and is not affiliated with the company referenced on this page. Neither the referenced company nor Finmed Capital shall be held liable for the approval, denial, or outcome of any financing request. All financing is facilitated through third-party lenders within Finmed Capital\u2019 specialized financing network. Financing is available solely for equipment intended for legitimate business use. All quoted payments are estimates and exclude applicable taxes, fees, and insurance costs. Final approval, terms, and conditions are subject to credit review and approval by Finmed Capital and\/or its financing partners. All rates, terms, and program details are subject to change without prior notice. Need help or want to speak with a financing expert? We&#8217;re here to guide you every step of the way. Whether you&#8217;re expanding your operations or upgrading your equipment, our team can help you get the funding you need. Fast and hassle-free. Reach out now<\/p>","protected":false},"author":1,"featured_media":0,"parent":0,"menu_order":0,"comment_status":"closed","ping_status":"closed","template":"","meta":{"iawp_total_views":946,"footnotes":""},"class_list":["post-4154","page","type-page","status-publish","hentry"],"blocksy_meta":[],"_links":{"self":[{"href":"https:\/\/finmedcapital.ca\/fr\/wp-json\/wp\/v2\/pages\/4154","targetHints":{"allow":["GET"]}}],"collection":[{"href":"https:\/\/finmedcapital.ca\/fr\/wp-json\/wp\/v2\/pages"}],"about":[{"href":"https:\/\/finmedcapital.ca\/fr\/wp-json\/wp\/v2\/types\/page"}],"author":[{"embeddable":true,"href":"https:\/\/finmedcapital.ca\/fr\/wp-json\/wp\/v2\/users\/1"}],"replies":[{"embeddable":true,"href":"https:\/\/finmedcapital.ca\/fr\/wp-json\/wp\/v2\/comments?post=4154"}],"version-history":[{"count":12,"href":"https:\/\/finmedcapital.ca\/fr\/wp-json\/wp\/v2\/pages\/4154\/revisions"}],"predecessor-version":[{"id":4277,"href":"https:\/\/finmedcapital.ca\/fr\/wp-json\/wp\/v2\/pages\/4154\/revisions\/4277"}],"wp:attachment":[{"href":"https:\/\/finmedcapital.ca\/fr\/wp-json\/wp\/v2\/media?parent=4154"}],"curies":[{"name":"wp","href":"https:\/\/api.w.org\/{rel}","templated":true}]}}